{"id":9999,"date":"2025-02-05T09:49:38","date_gmt":"2025-02-05T08:49:38","guid":{"rendered":"https:\/\/www.sams-industrie.fr\/product\/piston-de-coupe-reference-agrafeuse\/"},"modified":"2025-09-11T16:27:50","modified_gmt":"2025-09-11T14:27:50","slug":"piston-de-coupe-reference-agrafeuse","status":"publish","type":"product","link":"https:\/\/www.sams-industrie.fr\/en\/product\/piston-de-coupe-reference-agrafeuse\/","title":{"rendered":"Cutting piston<br> Reference EC21-027-016"},"content":{"rendered":"","protected":false},"excerpt":{"rendered":"<p>RAPIDEX EC21<br \/>\nR\u00e9f\u00e9rence constructeur : EC21-027-016<br \/>\nR\u00e9f\u00e9rences \u00e9quivalentes : EC21027016 \/ MEC21027016 \/ RAPEC21027016<\/p>","protected":false},"featured_media":11543,"comment_status":"open","ping_status":"closed","template":"","meta":[],"_links":{"self":[{"href":"https:\/\/www.sams-industrie.fr\/en\/wp-json\/wp\/v2\/product\/9999"}],"collection":[{"href":"https:\/\/www.sams-industrie.fr\/en\/wp-json\/wp\/v2\/product"}],"about":[{"href":"https:\/\/www.sams-industrie.fr\/en\/wp-json\/wp\/v2\/types\/product"}],"replies":[{"embeddable":true,"href":"https:\/\/www.sams-industrie.fr\/en\/wp-json\/wp\/v2\/comments?post=9999"}],"wp:featuredmedia":[{"embeddable":true,"href":"https:\/\/www.sams-industrie.fr\/en\/wp-json\/wp\/v2\/media\/11543"}],"wp:attachment":[{"href":"https:\/\/www.sams-industrie.fr\/en\/wp-json\/wp\/v2\/media?parent=9999"}],"curies":[{"name":"wp","href":"https:\/\/api.w.org\/{rel}","templated":true}]}}