{"id":9998,"date":"2025-02-05T09:49:37","date_gmt":"2025-02-05T08:49:37","guid":{"rendered":"https:\/\/www.sams-industrie.fr\/product\/manivelle-de-coupe-reference-agrafeuse\/"},"modified":"2025-09-11T16:26:37","modified_gmt":"2025-09-11T14:26:37","slug":"manivelle-de-coupe-reference-agrafeuse","status":"publish","type":"product","link":"https:\/\/www.sams-industrie.fr\/en\/product\/manivelle-de-coupe-reference-agrafeuse\/","title":{"rendered":"Cutting crank<br> Reference EC21-027-114A"},"content":{"rendered":"","protected":false},"excerpt":{"rendered":"<p>RAPIDEX EC21<br \/>\nR\u00e9f\u00e9rence constructeur : EC21-027-114A<br \/>\nR\u00e9f\u00e9rences \u00e9quivalentes : EC21027114A \/ MEC21027114A \/ RAPEC21027114A<\/p>","protected":false},"featured_media":11542,"comment_status":"open","ping_status":"closed","template":"","meta":[],"_links":{"self":[{"href":"https:\/\/www.sams-industrie.fr\/en\/wp-json\/wp\/v2\/product\/9998"}],"collection":[{"href":"https:\/\/www.sams-industrie.fr\/en\/wp-json\/wp\/v2\/product"}],"about":[{"href":"https:\/\/www.sams-industrie.fr\/en\/wp-json\/wp\/v2\/types\/product"}],"replies":[{"embeddable":true,"href":"https:\/\/www.sams-industrie.fr\/en\/wp-json\/wp\/v2\/comments?post=9998"}],"wp:featuredmedia":[{"embeddable":true,"href":"https:\/\/www.sams-industrie.fr\/en\/wp-json\/wp\/v2\/media\/11542"}],"wp:attachment":[{"href":"https:\/\/www.sams-industrie.fr\/en\/wp-json\/wp\/v2\/media?parent=9998"}],"curies":[{"name":"wp","href":"https:\/\/api.w.org\/{rel}","templated":true}]}}