{"id":9997,"date":"2025-02-05T09:49:34","date_gmt":"2025-02-05T08:49:34","guid":{"rendered":"https:\/\/www.sams-industrie.fr\/product\/couvercle-amovible-reference-agrafeuse-3\/"},"modified":"2025-09-11T16:25:44","modified_gmt":"2025-09-11T14:25:44","slug":"couvercle-amovible-reference-agrafeuse-3","status":"publish","type":"product","link":"https:\/\/www.sams-industrie.fr\/en\/product\/couvercle-amovible-reference-agrafeuse-3\/","title":{"rendered":"Removable cover<br> Reference GB-027-034"},"content":{"rendered":"","protected":false},"excerpt":{"rendered":"<p>RAPIDEX EC28<br \/>\nR\u00e9f\u00e9rence constructeur : GB-027-034<br \/>\nR\u00e9f\u00e9rences \u00e9quivalentes : GB027034 \/ MGB027034 \/ RAPGB027034<\/p>","protected":false},"featured_media":11541,"comment_status":"open","ping_status":"closed","template":"","meta":[],"_links":{"self":[{"href":"https:\/\/www.sams-industrie.fr\/en\/wp-json\/wp\/v2\/product\/9997"}],"collection":[{"href":"https:\/\/www.sams-industrie.fr\/en\/wp-json\/wp\/v2\/product"}],"about":[{"href":"https:\/\/www.sams-industrie.fr\/en\/wp-json\/wp\/v2\/types\/product"}],"replies":[{"embeddable":true,"href":"https:\/\/www.sams-industrie.fr\/en\/wp-json\/wp\/v2\/comments?post=9997"}],"wp:featuredmedia":[{"embeddable":true,"href":"https:\/\/www.sams-industrie.fr\/en\/wp-json\/wp\/v2\/media\/11541"}],"wp:attachment":[{"href":"https:\/\/www.sams-industrie.fr\/en\/wp-json\/wp\/v2\/media?parent=9997"}],"curies":[{"name":"wp","href":"https:\/\/api.w.org\/{rel}","templated":true}]}}