{"id":9993,"date":"2025-02-05T09:49:32","date_gmt":"2025-02-05T08:49:32","guid":{"rendered":"https:\/\/www.sams-industrie.fr\/product\/axe-reference-agrafeuse\/"},"modified":"2025-02-19T11:52:30","modified_gmt":"2025-02-19T10:52:30","slug":"axe-reference-agrafeuse","status":"publish","type":"product","link":"https:\/\/www.sams-industrie.fr\/en\/product\/axe-reference-agrafeuse\/","title":{"rendered":"Axis<br> Reference EC21-027-121"},"content":{"rendered":"","protected":false},"excerpt":{"rendered":"<p>RAPIDEX EC21<br \/> R\u00e9f\u00e9rence constructeur : EC21-027-121<br \/> R\u00e9f\u00e9rences \u00e9quivalentes : EC21027121 \/ MEC21027121 \/ RAPEC21027121<\/p>","protected":false},"featured_media":0,"comment_status":"open","ping_status":"closed","template":"","meta":[],"_links":{"self":[{"href":"https:\/\/www.sams-industrie.fr\/en\/wp-json\/wp\/v2\/product\/9993"}],"collection":[{"href":"https:\/\/www.sams-industrie.fr\/en\/wp-json\/wp\/v2\/product"}],"about":[{"href":"https:\/\/www.sams-industrie.fr\/en\/wp-json\/wp\/v2\/types\/product"}],"replies":[{"embeddable":true,"href":"https:\/\/www.sams-industrie.fr\/en\/wp-json\/wp\/v2\/comments?post=9993"}],"wp:attachment":[{"href":"https:\/\/www.sams-industrie.fr\/en\/wp-json\/wp\/v2\/media?parent=9993"}],"curies":[{"name":"wp","href":"https:\/\/api.w.org\/{rel}","templated":true}]}}