{"id":9989,"date":"2025-02-05T09:49:29","date_gmt":"2025-02-05T08:49:29","guid":{"rendered":"https:\/\/www.sams-industrie.fr\/product\/segment-inferieur-reference-agrafeuse\/"},"modified":"2025-02-19T11:52:25","modified_gmt":"2025-02-19T10:52:25","slug":"segment-inferieur-reference-agrafeuse","status":"publish","type":"product","link":"https:\/\/www.sams-industrie.fr\/en\/product\/segment-inferieur-reference-agrafeuse\/","title":{"rendered":"Lower segment<br> Reference A32-097-003"},"content":{"rendered":"","protected":false},"excerpt":{"rendered":"<p>RAPIDEX EC21<br \/> R\u00e9f\u00e9rence constructeur : A32-097-003 <br \/> R\u00e9f\u00e9rences \u00e9quivalentes : A32097003 \/ MA32097003 \/ RAPA32097003<\/p>","protected":false},"featured_media":0,"comment_status":"open","ping_status":"closed","template":"","meta":[],"_links":{"self":[{"href":"https:\/\/www.sams-industrie.fr\/en\/wp-json\/wp\/v2\/product\/9989"}],"collection":[{"href":"https:\/\/www.sams-industrie.fr\/en\/wp-json\/wp\/v2\/product"}],"about":[{"href":"https:\/\/www.sams-industrie.fr\/en\/wp-json\/wp\/v2\/types\/product"}],"replies":[{"embeddable":true,"href":"https:\/\/www.sams-industrie.fr\/en\/wp-json\/wp\/v2\/comments?post=9989"}],"wp:attachment":[{"href":"https:\/\/www.sams-industrie.fr\/en\/wp-json\/wp\/v2\/media?parent=9989"}],"curies":[{"name":"wp","href":"https:\/\/api.w.org\/{rel}","templated":true}]}}