{"id":9988,"date":"2025-02-05T09:49:29","date_gmt":"2025-02-05T08:49:29","guid":{"rendered":"https:\/\/www.sams-industrie.fr\/product\/couseur-reference-agrafeuse\/"},"modified":"2025-02-19T11:52:24","modified_gmt":"2025-02-19T10:52:24","slug":"couseur-reference-agrafeuse","status":"publish","type":"product","link":"https:\/\/www.sams-industrie.fr\/en\/product\/couseur-reference-agrafeuse\/","title":{"rendered":"seamstress<br> Reference A32-120-009"},"content":{"rendered":"","protected":false},"excerpt":{"rendered":"<p>RAPIDEX A32<br \/> R\u00e9f\u00e9rence constructeur : A32-120-009<br \/> R\u00e9f\u00e9rences \u00e9quivalentes : A32120009 \/ MA32120009 \/ RAPA32120009<\/p>","protected":false},"featured_media":0,"comment_status":"open","ping_status":"closed","template":"","meta":[],"_links":{"self":[{"href":"https:\/\/www.sams-industrie.fr\/en\/wp-json\/wp\/v2\/product\/9988"}],"collection":[{"href":"https:\/\/www.sams-industrie.fr\/en\/wp-json\/wp\/v2\/product"}],"about":[{"href":"https:\/\/www.sams-industrie.fr\/en\/wp-json\/wp\/v2\/types\/product"}],"replies":[{"embeddable":true,"href":"https:\/\/www.sams-industrie.fr\/en\/wp-json\/wp\/v2\/comments?post=9988"}],"wp:attachment":[{"href":"https:\/\/www.sams-industrie.fr\/en\/wp-json\/wp\/v2\/media?parent=9988"}],"curies":[{"name":"wp","href":"https:\/\/api.w.org\/{rel}","templated":true}]}}