{"id":9987,"date":"2025-02-05T09:49:28","date_gmt":"2025-02-05T08:49:28","guid":{"rendered":"https:\/\/www.sams-industrie.fr\/product\/ressort-crochet-riveur-reference-agrafeuse\/"},"modified":"2025-02-19T11:52:22","modified_gmt":"2025-02-19T10:52:22","slug":"ressort-crochet-riveur-reference-agrafeuse","status":"publish","type":"product","link":"https:\/\/www.sams-industrie.fr\/en\/product\/ressort-crochet-riveur-reference-agrafeuse\/","title":{"rendered":"Rivet hook spring<br> Reference RC-104"},"content":{"rendered":"","protected":false},"excerpt":{"rendered":"<p>RAPIDEX A32<br \/> R\u00e9f\u00e9rence constructeur : RC-104<br \/> R\u00e9f\u00e9rences \u00e9quivalentes : RC104 \/ MRC104 \/ RAPRC104<\/p>","protected":false},"featured_media":0,"comment_status":"open","ping_status":"closed","template":"","meta":[],"_links":{"self":[{"href":"https:\/\/www.sams-industrie.fr\/en\/wp-json\/wp\/v2\/product\/9987"}],"collection":[{"href":"https:\/\/www.sams-industrie.fr\/en\/wp-json\/wp\/v2\/product"}],"about":[{"href":"https:\/\/www.sams-industrie.fr\/en\/wp-json\/wp\/v2\/types\/product"}],"replies":[{"embeddable":true,"href":"https:\/\/www.sams-industrie.fr\/en\/wp-json\/wp\/v2\/comments?post=9987"}],"wp:attachment":[{"href":"https:\/\/www.sams-industrie.fr\/en\/wp-json\/wp\/v2\/media?parent=9987"}],"curies":[{"name":"wp","href":"https:\/\/api.w.org\/{rel}","templated":true}]}}