{"id":9985,"date":"2025-02-05T09:49:27","date_gmt":"2025-02-05T08:49:27","guid":{"rendered":"https:\/\/www.sams-industrie.fr\/product\/mandrin-guide-agrafes-point-14-reference-agrafeuse\/"},"modified":"2025-02-19T11:52:20","modified_gmt":"2025-02-19T10:52:20","slug":"mandrin-guide-agrafes-point-14-reference-agrafeuse","status":"publish","type":"product","link":"https:\/\/www.sams-industrie.fr\/en\/product\/mandrin-guide-agrafes-point-14-reference-agrafeuse\/","title":{"rendered":"Staple guide mandrel point 14<br> Reference A32-125-001"},"content":{"rendered":"","protected":false},"excerpt":{"rendered":"<p>RAPIDEX A32<br \/> R\u00e9f\u00e9rence constructeur : A32-125-001<br \/> R\u00e9f\u00e9rences \u00e9quivalentes : A32125001 \/ MA32125001 \/ RAPA32125001<\/p>","protected":false},"featured_media":0,"comment_status":"open","ping_status":"closed","template":"","meta":[],"_links":{"self":[{"href":"https:\/\/www.sams-industrie.fr\/en\/wp-json\/wp\/v2\/product\/9985"}],"collection":[{"href":"https:\/\/www.sams-industrie.fr\/en\/wp-json\/wp\/v2\/product"}],"about":[{"href":"https:\/\/www.sams-industrie.fr\/en\/wp-json\/wp\/v2\/types\/product"}],"replies":[{"embeddable":true,"href":"https:\/\/www.sams-industrie.fr\/en\/wp-json\/wp\/v2\/comments?post=9985"}],"wp:attachment":[{"href":"https:\/\/www.sams-industrie.fr\/en\/wp-json\/wp\/v2\/media?parent=9985"}],"curies":[{"name":"wp","href":"https:\/\/api.w.org\/{rel}","templated":true}]}}