{"id":9984,"date":"2025-02-05T09:49:26","date_gmt":"2025-02-05T08:49:26","guid":{"rendered":"https:\/\/www.sams-industrie.fr\/product\/pousseur-petit-fil-point-14-reference-agrafeuse\/"},"modified":"2025-09-11T16:18:15","modified_gmt":"2025-09-11T14:18:15","slug":"pousseur-petit-fil-point-14-reference-agrafeuse","status":"publish","type":"product","link":"https:\/\/www.sams-industrie.fr\/en\/product\/pousseur-petit-fil-point-14-reference-agrafeuse\/","title":{"rendered":"Small thread pusher point 14<br> Reference A32-076-001-001"},"content":{"rendered":"","protected":false},"excerpt":{"rendered":"<p>RAPIDEX A32<br \/>\nR\u00e9f\u00e9rence constructeur : A32-076-001-001<br \/>\nR\u00e9f\u00e9rences \u00e9quivalentes : A32076001001 \/ MA32076001001 \/ RAPA32076001001<\/p>","protected":false},"featured_media":11535,"comment_status":"open","ping_status":"closed","template":"","meta":[],"_links":{"self":[{"href":"https:\/\/www.sams-industrie.fr\/en\/wp-json\/wp\/v2\/product\/9984"}],"collection":[{"href":"https:\/\/www.sams-industrie.fr\/en\/wp-json\/wp\/v2\/product"}],"about":[{"href":"https:\/\/www.sams-industrie.fr\/en\/wp-json\/wp\/v2\/types\/product"}],"replies":[{"embeddable":true,"href":"https:\/\/www.sams-industrie.fr\/en\/wp-json\/wp\/v2\/comments?post=9984"}],"wp:featuredmedia":[{"embeddable":true,"href":"https:\/\/www.sams-industrie.fr\/en\/wp-json\/wp\/v2\/media\/11535"}],"wp:attachment":[{"href":"https:\/\/www.sams-industrie.fr\/en\/wp-json\/wp\/v2\/media?parent=9984"}],"curies":[{"name":"wp","href":"https:\/\/api.w.org\/{rel}","templated":true}]}}