{"id":9982,"date":"2025-02-05T09:49:25","date_gmt":"2025-02-05T08:49:25","guid":{"rendered":"https:\/\/www.sams-industrie.fr\/product\/pastille-de-rivetage-reference-agrafeuse\/"},"modified":"2025-09-11T16:15:00","modified_gmt":"2025-09-11T14:15:00","slug":"pastille-de-rivetage-reference-agrafeuse","status":"publish","type":"product","link":"https:\/\/www.sams-industrie.fr\/en\/product\/pastille-de-rivetage-reference-agrafeuse\/","title":{"rendered":"Riveting pad<br> Reference A32P2223"},"content":{"rendered":"","protected":false},"excerpt":{"rendered":"<p>RAPIDEX A32<br \/>\nR\u00e9f\u00e9rence constructeur : A32P2223<br \/>\nR\u00e9f\u00e9rences \u00e9quivalentes : A32P2223 \/ MA32P2223 \/ RAPA32P2223<\/p>","protected":false},"featured_media":11534,"comment_status":"open","ping_status":"closed","template":"","meta":[],"_links":{"self":[{"href":"https:\/\/www.sams-industrie.fr\/en\/wp-json\/wp\/v2\/product\/9982"}],"collection":[{"href":"https:\/\/www.sams-industrie.fr\/en\/wp-json\/wp\/v2\/product"}],"about":[{"href":"https:\/\/www.sams-industrie.fr\/en\/wp-json\/wp\/v2\/types\/product"}],"replies":[{"embeddable":true,"href":"https:\/\/www.sams-industrie.fr\/en\/wp-json\/wp\/v2\/comments?post=9982"}],"wp:featuredmedia":[{"embeddable":true,"href":"https:\/\/www.sams-industrie.fr\/en\/wp-json\/wp\/v2\/media\/11534"}],"wp:attachment":[{"href":"https:\/\/www.sams-industrie.fr\/en\/wp-json\/wp\/v2\/media?parent=9982"}],"curies":[{"name":"wp","href":"https:\/\/api.w.org\/{rel}","templated":true}]}}