{"id":9980,"date":"2025-02-05T09:49:24","date_gmt":"2025-02-05T08:49:24","guid":{"rendered":"https:\/\/www.sams-industrie.fr\/product\/plieur-250x50-pt14-reference-agrafeuse\/"},"modified":"2025-09-11T16:13:14","modified_gmt":"2025-09-11T14:13:14","slug":"plieur-250x50-pt14-reference-agrafeuse","status":"publish","type":"product","link":"https:\/\/www.sams-industrie.fr\/en\/product\/plieur-250x50-pt14-reference-agrafeuse\/","title":{"rendered":"250\u00d750 pt14 folder<br> Reference 2PC21-074-009-003"},"content":{"rendered":"","protected":false},"excerpt":{"rendered":"<p>RAPIDEX 2PC721<br \/>\nR\u00e9f\u00e9rence constructeur : 2PC21-074-009-003<br \/>\nR\u00e9f\u00e9rences \u00e9quivalentes : 2PC21074009003 \/ M2PC21074009003 \/ RAP2PC21074009003<\/p>","protected":false},"featured_media":11533,"comment_status":"open","ping_status":"closed","template":"","meta":[],"_links":{"self":[{"href":"https:\/\/www.sams-industrie.fr\/en\/wp-json\/wp\/v2\/product\/9980"}],"collection":[{"href":"https:\/\/www.sams-industrie.fr\/en\/wp-json\/wp\/v2\/product"}],"about":[{"href":"https:\/\/www.sams-industrie.fr\/en\/wp-json\/wp\/v2\/types\/product"}],"replies":[{"embeddable":true,"href":"https:\/\/www.sams-industrie.fr\/en\/wp-json\/wp\/v2\/comments?post=9980"}],"wp:featuredmedia":[{"embeddable":true,"href":"https:\/\/www.sams-industrie.fr\/en\/wp-json\/wp\/v2\/media\/11533"}],"wp:attachment":[{"href":"https:\/\/www.sams-industrie.fr\/en\/wp-json\/wp\/v2\/media?parent=9980"}],"curies":[{"name":"wp","href":"https:\/\/api.w.org\/{rel}","templated":true}]}}