{"id":9977,"date":"2025-02-05T09:49:22","date_gmt":"2025-02-05T08:49:22","guid":{"rendered":"https:\/\/www.sams-industrie.fr\/product\/barrette-demontable-reference-agrafeuse\/"},"modified":"2025-09-11T16:12:14","modified_gmt":"2025-09-11T14:12:14","slug":"barrette-demontable-reference-agrafeuse","status":"publish","type":"product","link":"https:\/\/www.sams-industrie.fr\/en\/product\/barrette-demontable-reference-agrafeuse\/","title":{"rendered":"Removable barrette<br> Reference A32-121-003"},"content":{"rendered":"","protected":false},"excerpt":{"rendered":"<p>RAPIDEX A32<br \/>\nR\u00e9f\u00e9rence constructeur : A32-121-003<br \/>\nR\u00e9f\u00e9rences \u00e9quivalentes : A32121003 \/ MA32121003 \/ RAPA32121003<\/p>","protected":false},"featured_media":11532,"comment_status":"open","ping_status":"closed","template":"","meta":[],"_links":{"self":[{"href":"https:\/\/www.sams-industrie.fr\/en\/wp-json\/wp\/v2\/product\/9977"}],"collection":[{"href":"https:\/\/www.sams-industrie.fr\/en\/wp-json\/wp\/v2\/product"}],"about":[{"href":"https:\/\/www.sams-industrie.fr\/en\/wp-json\/wp\/v2\/types\/product"}],"replies":[{"embeddable":true,"href":"https:\/\/www.sams-industrie.fr\/en\/wp-json\/wp\/v2\/comments?post=9977"}],"wp:featuredmedia":[{"embeddable":true,"href":"https:\/\/www.sams-industrie.fr\/en\/wp-json\/wp\/v2\/media\/11532"}],"wp:attachment":[{"href":"https:\/\/www.sams-industrie.fr\/en\/wp-json\/wp\/v2\/media?parent=9977"}],"curies":[{"name":"wp","href":"https:\/\/api.w.org\/{rel}","templated":true}]}}