{"id":9976,"date":"2025-02-05T09:49:21","date_gmt":"2025-02-05T08:49:21","guid":{"rendered":"https:\/\/www.sams-industrie.fr\/product\/plieur-220x90-point-14-reference-agrafeuse\/"},"modified":"2025-02-19T11:52:13","modified_gmt":"2025-02-19T10:52:13","slug":"plieur-220x90-point-14-reference-agrafeuse","status":"publish","type":"product","link":"https:\/\/www.sams-industrie.fr\/en\/product\/plieur-220x90-point-14-reference-agrafeuse\/","title":{"rendered":"Folder 220\u00d790 point 14<br> Reference EC21074009016"},"content":{"rendered":"","protected":false},"excerpt":{"rendered":"<p>RAPIDEX A32<br \/> R\u00e9f\u00e9rence constructeur : EC21074009016<br \/> R\u00e9f\u00e9rences \u00e9quivalentes : EC21074009016 \/ MEC21074009016 \/ RAPEC21074009016<\/p>","protected":false},"featured_media":0,"comment_status":"open","ping_status":"closed","template":"","meta":[],"_links":{"self":[{"href":"https:\/\/www.sams-industrie.fr\/en\/wp-json\/wp\/v2\/product\/9976"}],"collection":[{"href":"https:\/\/www.sams-industrie.fr\/en\/wp-json\/wp\/v2\/product"}],"about":[{"href":"https:\/\/www.sams-industrie.fr\/en\/wp-json\/wp\/v2\/types\/product"}],"replies":[{"embeddable":true,"href":"https:\/\/www.sams-industrie.fr\/en\/wp-json\/wp\/v2\/comments?post=9976"}],"wp:attachment":[{"href":"https:\/\/www.sams-industrie.fr\/en\/wp-json\/wp\/v2\/media?parent=9976"}],"curies":[{"name":"wp","href":"https:\/\/api.w.org\/{rel}","templated":true}]}}