{"id":9974,"date":"2025-02-05T09:49:20","date_gmt":"2025-02-05T08:49:20","guid":{"rendered":"https:\/\/www.sams-industrie.fr\/product\/pousseur-gros-fil-point-de-14-a32-eq-ma32076003003-reference-agrafeuse\/"},"modified":"2025-09-11T16:11:21","modified_gmt":"2025-09-11T14:11:21","slug":"pousseur-gros-fil-point-de-14-a32-eq-ma32076003003-reference-agrafeuse","status":"publish","type":"product","link":"https:\/\/www.sams-industrie.fr\/en\/product\/pousseur-gros-fil-point-de-14-a32-eq-ma32076003003-reference-agrafeuse\/","title":{"rendered":"Large thread pusher, 14 A32 EQ stitch \u2013 MA32076003003<br> Reference A32-076-003-003"},"content":{"rendered":"","protected":false},"excerpt":{"rendered":"<p>RAPIDEX A32<br \/>\nR\u00e9f\u00e9rence constructeur : A32-076-003-003<br \/>\nR\u00e9f\u00e9rences \u00e9quivalentes : A32076003003 \/ MA32076003003 \/ RAPA32076003003<\/p>","protected":false},"featured_media":11531,"comment_status":"open","ping_status":"closed","template":"","meta":[],"_links":{"self":[{"href":"https:\/\/www.sams-industrie.fr\/en\/wp-json\/wp\/v2\/product\/9974"}],"collection":[{"href":"https:\/\/www.sams-industrie.fr\/en\/wp-json\/wp\/v2\/product"}],"about":[{"href":"https:\/\/www.sams-industrie.fr\/en\/wp-json\/wp\/v2\/types\/product"}],"replies":[{"embeddable":true,"href":"https:\/\/www.sams-industrie.fr\/en\/wp-json\/wp\/v2\/comments?post=9974"}],"wp:featuredmedia":[{"embeddable":true,"href":"https:\/\/www.sams-industrie.fr\/en\/wp-json\/wp\/v2\/media\/11531"}],"wp:attachment":[{"href":"https:\/\/www.sams-industrie.fr\/en\/wp-json\/wp\/v2\/media?parent=9974"}],"curies":[{"name":"wp","href":"https:\/\/api.w.org\/{rel}","templated":true}]}}