{"id":9973,"date":"2025-02-05T09:49:19","date_gmt":"2025-02-05T08:49:19","guid":{"rendered":"https:\/\/www.sams-industrie.fr\/product\/ressort-pour-mandrin-reference-agrafeuse\/"},"modified":"2025-09-11T16:10:12","modified_gmt":"2025-09-11T14:10:12","slug":"ressort-pour-mandrin-reference-agrafeuse","status":"publish","type":"product","link":"https:\/\/www.sams-industrie.fr\/en\/product\/ressort-pour-mandrin-reference-agrafeuse\/","title":{"rendered":"Spring for chuck<br> Reference RC-069"},"content":{"rendered":"","protected":false},"excerpt":{"rendered":"<p>RAPIDEX A32<br \/>\nR\u00e9f\u00e9rence constructeur : RC-069<br \/>\nR\u00e9f\u00e9rences \u00e9quivalentes : RC069 \/ MRC069 \/ RAPRC069<\/p>","protected":false},"featured_media":11530,"comment_status":"open","ping_status":"closed","template":"","meta":[],"_links":{"self":[{"href":"https:\/\/www.sams-industrie.fr\/en\/wp-json\/wp\/v2\/product\/9973"}],"collection":[{"href":"https:\/\/www.sams-industrie.fr\/en\/wp-json\/wp\/v2\/product"}],"about":[{"href":"https:\/\/www.sams-industrie.fr\/en\/wp-json\/wp\/v2\/types\/product"}],"replies":[{"embeddable":true,"href":"https:\/\/www.sams-industrie.fr\/en\/wp-json\/wp\/v2\/comments?post=9973"}],"wp:featuredmedia":[{"embeddable":true,"href":"https:\/\/www.sams-industrie.fr\/en\/wp-json\/wp\/v2\/media\/11530"}],"wp:attachment":[{"href":"https:\/\/www.sams-industrie.fr\/en\/wp-json\/wp\/v2\/media?parent=9973"}],"curies":[{"name":"wp","href":"https:\/\/api.w.org\/{rel}","templated":true}]}}