{"id":9969,"date":"2025-02-05T09:49:17","date_gmt":"2025-02-05T08:49:17","guid":{"rendered":"https:\/\/www.sams-industrie.fr\/product\/ressort-de-cremailliere-debit-de-fil-reference-agrafeuse\/"},"modified":"2025-09-11T16:01:08","modified_gmt":"2025-09-11T14:01:08","slug":"ressort-de-cremailliere-debit-de-fil-reference-agrafeuse","status":"publish","type":"product","link":"https:\/\/www.sams-industrie.fr\/en\/product\/ressort-de-cremailliere-debit-de-fil-reference-agrafeuse\/","title":{"rendered":"Rack spring Wire flow<br> Reference RC-020"},"content":{"rendered":"","protected":false},"excerpt":{"rendered":"<p>RAPIDEX A32<br \/>\nR\u00e9f\u00e9rence constructeur : RC-020<br \/>\nR\u00e9f\u00e9rences \u00e9quivalentes : RC020 \/ MRC020 \/ RAPRC020<\/p>","protected":false},"featured_media":11527,"comment_status":"open","ping_status":"closed","template":"","meta":[],"_links":{"self":[{"href":"https:\/\/www.sams-industrie.fr\/en\/wp-json\/wp\/v2\/product\/9969"}],"collection":[{"href":"https:\/\/www.sams-industrie.fr\/en\/wp-json\/wp\/v2\/product"}],"about":[{"href":"https:\/\/www.sams-industrie.fr\/en\/wp-json\/wp\/v2\/types\/product"}],"replies":[{"embeddable":true,"href":"https:\/\/www.sams-industrie.fr\/en\/wp-json\/wp\/v2\/comments?post=9969"}],"wp:featuredmedia":[{"embeddable":true,"href":"https:\/\/www.sams-industrie.fr\/en\/wp-json\/wp\/v2\/media\/11527"}],"wp:attachment":[{"href":"https:\/\/www.sams-industrie.fr\/en\/wp-json\/wp\/v2\/media?parent=9969"}],"curies":[{"name":"wp","href":"https:\/\/api.w.org\/{rel}","templated":true}]}}