{"id":9966,"date":"2025-02-05T09:49:13","date_gmt":"2025-02-05T08:49:13","guid":{"rendered":"https:\/\/www.sams-industrie.fr\/product\/support-de-mandrin-reference-agrafeuse\/"},"modified":"2025-09-11T16:00:11","modified_gmt":"2025-09-11T14:00:11","slug":"support-de-mandrin-reference-agrafeuse","status":"publish","type":"product","link":"https:\/\/www.sams-industrie.fr\/en\/product\/support-de-mandrin-reference-agrafeuse\/","title":{"rendered":"Chuck holder<br> Reference A32-027-127A"},"content":{"rendered":"","protected":false},"excerpt":{"rendered":"<p>RAPIDEX A32<br \/>\nR\u00e9f\u00e9rence constructeur : A32-027-127A<br \/>\nR\u00e9f\u00e9rences \u00e9quivalentes : A32027127 \/ MA32027127 \/ RAPA32027127<\/p>","protected":false},"featured_media":11526,"comment_status":"open","ping_status":"closed","template":"","meta":[],"_links":{"self":[{"href":"https:\/\/www.sams-industrie.fr\/en\/wp-json\/wp\/v2\/product\/9966"}],"collection":[{"href":"https:\/\/www.sams-industrie.fr\/en\/wp-json\/wp\/v2\/product"}],"about":[{"href":"https:\/\/www.sams-industrie.fr\/en\/wp-json\/wp\/v2\/types\/product"}],"replies":[{"embeddable":true,"href":"https:\/\/www.sams-industrie.fr\/en\/wp-json\/wp\/v2\/comments?post=9966"}],"wp:featuredmedia":[{"embeddable":true,"href":"https:\/\/www.sams-industrie.fr\/en\/wp-json\/wp\/v2\/media\/11526"}],"wp:attachment":[{"href":"https:\/\/www.sams-industrie.fr\/en\/wp-json\/wp\/v2\/media?parent=9966"}],"curies":[{"name":"wp","href":"https:\/\/api.w.org\/{rel}","templated":true}]}}