{"id":9964,"date":"2025-02-05T09:49:12","date_gmt":"2025-02-05T08:49:12","guid":{"rendered":"https:\/\/www.sams-industrie.fr\/product\/noix-reference-agrafeuse\/"},"modified":"2025-02-19T11:52:03","modified_gmt":"2025-02-19T10:52:03","slug":"noix-reference-agrafeuse","status":"publish","type":"product","link":"https:\/\/www.sams-industrie.fr\/en\/product\/noix-reference-agrafeuse\/","title":{"rendered":"Nut<br> Reference 2PC021013110"},"content":{"rendered":"","protected":false},"excerpt":{"rendered":"<p>RAPIDEX A32<br \/> R\u00e9f\u00e9rence constructeur : 2PC021013110<br \/> R\u00e9f\u00e9rences \u00e9quivalentes : 2PC021013110 \/ 2PC021013110 \/ 2PC021013110<\/p>","protected":false},"featured_media":0,"comment_status":"open","ping_status":"closed","template":"","meta":[],"_links":{"self":[{"href":"https:\/\/www.sams-industrie.fr\/en\/wp-json\/wp\/v2\/product\/9964"}],"collection":[{"href":"https:\/\/www.sams-industrie.fr\/en\/wp-json\/wp\/v2\/product"}],"about":[{"href":"https:\/\/www.sams-industrie.fr\/en\/wp-json\/wp\/v2\/types\/product"}],"replies":[{"embeddable":true,"href":"https:\/\/www.sams-industrie.fr\/en\/wp-json\/wp\/v2\/comments?post=9964"}],"wp:attachment":[{"href":"https:\/\/www.sams-industrie.fr\/en\/wp-json\/wp\/v2\/media?parent=9964"}],"curies":[{"name":"wp","href":"https:\/\/api.w.org\/{rel}","templated":true}]}}