{"id":9963,"date":"2025-02-05T09:49:11","date_gmt":"2025-02-05T08:49:11","guid":{"rendered":"https:\/\/www.sams-industrie.fr\/product\/debit-de-fil-reference-agrafeuse\/"},"modified":"2025-02-19T11:52:02","modified_gmt":"2025-02-19T10:52:02","slug":"debit-de-fil-reference-agrafeuse","status":"publish","type":"product","link":"https:\/\/www.sams-industrie.fr\/en\/product\/debit-de-fil-reference-agrafeuse\/","title":{"rendered":"Wire flow<br> Reference RL-018"},"content":{"rendered":"","protected":false},"excerpt":{"rendered":"<p>RAPIDEX A32<br \/> R\u00e9f\u00e9rence constructeur : RL-018<br \/> R\u00e9f\u00e9rences \u00e9quivalentes : RL018 \/ MRL018 \/ RAPRL018<\/p>","protected":false},"featured_media":0,"comment_status":"open","ping_status":"closed","template":"","meta":[],"_links":{"self":[{"href":"https:\/\/www.sams-industrie.fr\/en\/wp-json\/wp\/v2\/product\/9963"}],"collection":[{"href":"https:\/\/www.sams-industrie.fr\/en\/wp-json\/wp\/v2\/product"}],"about":[{"href":"https:\/\/www.sams-industrie.fr\/en\/wp-json\/wp\/v2\/types\/product"}],"replies":[{"embeddable":true,"href":"https:\/\/www.sams-industrie.fr\/en\/wp-json\/wp\/v2\/comments?post=9963"}],"wp:attachment":[{"href":"https:\/\/www.sams-industrie.fr\/en\/wp-json\/wp\/v2\/media?parent=9963"}],"curies":[{"name":"wp","href":"https:\/\/api.w.org\/{rel}","templated":true}]}}