{"id":9962,"date":"2025-02-05T09:49:11","date_gmt":"2025-02-05T08:49:11","guid":{"rendered":"https:\/\/www.sams-industrie.fr\/product\/ressort-de-cremailliere-debit-de-fi-reference-agrafeuse\/"},"modified":"2025-09-11T15:48:57","modified_gmt":"2025-09-11T13:48:57","slug":"ressort-de-cremailliere-debit-de-fi-reference-agrafeuse","status":"publish","type":"product","link":"https:\/\/www.sams-industrie.fr\/en\/product\/ressort-de-cremailliere-debit-de-fi-reference-agrafeuse\/","title":{"rendered":"Rack spring flow rate<br> Reference RC-091"},"content":{"rendered":"","protected":false},"excerpt":{"rendered":"<p>RAPIDEX A32<br \/>\nR\u00e9f\u00e9rence constructeur : RC-091<br \/>\nR\u00e9f\u00e9rences \u00e9quivalentes : RC091 \/ MRC091 \/ RAPRC091<\/p>","protected":false},"featured_media":11525,"comment_status":"open","ping_status":"closed","template":"","meta":[],"_links":{"self":[{"href":"https:\/\/www.sams-industrie.fr\/en\/wp-json\/wp\/v2\/product\/9962"}],"collection":[{"href":"https:\/\/www.sams-industrie.fr\/en\/wp-json\/wp\/v2\/product"}],"about":[{"href":"https:\/\/www.sams-industrie.fr\/en\/wp-json\/wp\/v2\/types\/product"}],"replies":[{"embeddable":true,"href":"https:\/\/www.sams-industrie.fr\/en\/wp-json\/wp\/v2\/comments?post=9962"}],"wp:featuredmedia":[{"embeddable":true,"href":"https:\/\/www.sams-industrie.fr\/en\/wp-json\/wp\/v2\/media\/11525"}],"wp:attachment":[{"href":"https:\/\/www.sams-industrie.fr\/en\/wp-json\/wp\/v2\/media?parent=9962"}],"curies":[{"name":"wp","href":"https:\/\/api.w.org\/{rel}","templated":true}]}}