{"id":9961,"date":"2025-02-05T09:49:10","date_gmt":"2025-02-05T08:49:10","guid":{"rendered":"https:\/\/www.sams-industrie.fr\/product\/ressort-de-rappel-de-mandrin-reference-agrafeuse\/"},"modified":"2025-02-19T11:52:01","modified_gmt":"2025-02-19T10:52:01","slug":"ressort-de-rappel-de-mandrin-reference-agrafeuse","status":"publish","type":"product","link":"https:\/\/www.sams-industrie.fr\/en\/product\/ressort-de-rappel-de-mandrin-reference-agrafeuse\/","title":{"rendered":"Chuck return spring<br> Reference RL014"},"content":{"rendered":"","protected":false},"excerpt":{"rendered":"<p>RAPIDEX A32<br \/> R\u00e9f\u00e9rence constructeur : RL014<br \/> R\u00e9f\u00e9rences \u00e9quivalentes : RL014 \/ MRL014 \/ RAPRL014<\/p>","protected":false},"featured_media":0,"comment_status":"open","ping_status":"closed","template":"","meta":[],"_links":{"self":[{"href":"https:\/\/www.sams-industrie.fr\/en\/wp-json\/wp\/v2\/product\/9961"}],"collection":[{"href":"https:\/\/www.sams-industrie.fr\/en\/wp-json\/wp\/v2\/product"}],"about":[{"href":"https:\/\/www.sams-industrie.fr\/en\/wp-json\/wp\/v2\/types\/product"}],"replies":[{"embeddable":true,"href":"https:\/\/www.sams-industrie.fr\/en\/wp-json\/wp\/v2\/comments?post=9961"}],"wp:attachment":[{"href":"https:\/\/www.sams-industrie.fr\/en\/wp-json\/wp\/v2\/media?parent=9961"}],"curies":[{"name":"wp","href":"https:\/\/api.w.org\/{rel}","templated":true}]}}