{"id":9958,"date":"2025-02-05T09:49:08","date_gmt":"2025-02-05T08:49:08","guid":{"rendered":"https:\/\/www.sams-industrie.fr\/product\/pousseur-point-14-reference-agrafeuse\/"},"modified":"2025-02-19T11:51:59","modified_gmt":"2025-02-19T10:51:59","slug":"pousseur-point-14-reference-agrafeuse","status":"publish","type":"product","link":"https:\/\/www.sams-industrie.fr\/en\/product\/pousseur-point-14-reference-agrafeuse\/","title":{"rendered":"Pusher point 14<br> Reference C-217A"},"content":{"rendered":"","protected":false},"excerpt":{"rendered":"<p>RAPIDEX A32<br \/> R\u00e9f\u00e9rence constructeur : C-217A<br \/> R\u00e9f\u00e9rences \u00e9quivalentes : C217A \/ MC217A \/ RAPC217A<\/p>","protected":false},"featured_media":0,"comment_status":"open","ping_status":"closed","template":"","meta":[],"_links":{"self":[{"href":"https:\/\/www.sams-industrie.fr\/en\/wp-json\/wp\/v2\/product\/9958"}],"collection":[{"href":"https:\/\/www.sams-industrie.fr\/en\/wp-json\/wp\/v2\/product"}],"about":[{"href":"https:\/\/www.sams-industrie.fr\/en\/wp-json\/wp\/v2\/types\/product"}],"replies":[{"embeddable":true,"href":"https:\/\/www.sams-industrie.fr\/en\/wp-json\/wp\/v2\/comments?post=9958"}],"wp:attachment":[{"href":"https:\/\/www.sams-industrie.fr\/en\/wp-json\/wp\/v2\/media?parent=9958"}],"curies":[{"name":"wp","href":"https:\/\/api.w.org\/{rel}","templated":true}]}}