{"id":9957,"date":"2025-02-05T09:49:07","date_gmt":"2025-02-05T08:49:07","guid":{"rendered":"https:\/\/www.sams-industrie.fr\/product\/coudeur-point-14-reference-agrafeuse\/"},"modified":"2025-09-11T15:47:58","modified_gmt":"2025-09-11T13:47:58","slug":"coudeur-point-14-reference-agrafeuse","status":"publish","type":"product","link":"https:\/\/www.sams-industrie.fr\/en\/product\/coudeur-point-14-reference-agrafeuse\/","title":{"rendered":"Stitcher point 14<br> Reference C-200"},"content":{"rendered":"","protected":false},"excerpt":{"rendered":"<p>RAPIDEX A32<br \/>\nR\u00e9f\u00e9rence constructeur : C-200<br \/>\nR\u00e9f\u00e9rences \u00e9quivalentes : C200 \/ MC200 \/ RAPC200<\/p>","protected":false},"featured_media":11524,"comment_status":"open","ping_status":"closed","template":"","meta":[],"_links":{"self":[{"href":"https:\/\/www.sams-industrie.fr\/en\/wp-json\/wp\/v2\/product\/9957"}],"collection":[{"href":"https:\/\/www.sams-industrie.fr\/en\/wp-json\/wp\/v2\/product"}],"about":[{"href":"https:\/\/www.sams-industrie.fr\/en\/wp-json\/wp\/v2\/types\/product"}],"replies":[{"embeddable":true,"href":"https:\/\/www.sams-industrie.fr\/en\/wp-json\/wp\/v2\/comments?post=9957"}],"wp:featuredmedia":[{"embeddable":true,"href":"https:\/\/www.sams-industrie.fr\/en\/wp-json\/wp\/v2\/media\/11524"}],"wp:attachment":[{"href":"https:\/\/www.sams-industrie.fr\/en\/wp-json\/wp\/v2\/media?parent=9957"}],"curies":[{"name":"wp","href":"https:\/\/api.w.org\/{rel}","templated":true}]}}