{"id":9955,"date":"2025-02-05T09:49:06","date_gmt":"2025-02-05T08:49:06","guid":{"rendered":"https:\/\/www.sams-industrie.fr\/product\/bague-de-blocage-reference-agrafeuse\/"},"modified":"2025-09-11T15:42:41","modified_gmt":"2025-09-11T13:42:41","slug":"bague-de-blocage-reference-agrafeuse","status":"publish","type":"product","link":"https:\/\/www.sams-industrie.fr\/en\/product\/bague-de-blocage-reference-agrafeuse\/","title":{"rendered":"Locking ring<br> Reference A32-027-092A"},"content":{"rendered":"","protected":false},"excerpt":{"rendered":"<p>RAPIDEX A32<br \/>\nR\u00e9f\u00e9rence constructeur : A32-027-092A<br \/>\nR\u00e9f\u00e9rences \u00e9quivalentes : A32027092A \/ MA32027092A \/ RAPA32027092A<\/p>","protected":false},"featured_media":11522,"comment_status":"open","ping_status":"closed","template":"","meta":[],"_links":{"self":[{"href":"https:\/\/www.sams-industrie.fr\/en\/wp-json\/wp\/v2\/product\/9955"}],"collection":[{"href":"https:\/\/www.sams-industrie.fr\/en\/wp-json\/wp\/v2\/product"}],"about":[{"href":"https:\/\/www.sams-industrie.fr\/en\/wp-json\/wp\/v2\/types\/product"}],"replies":[{"embeddable":true,"href":"https:\/\/www.sams-industrie.fr\/en\/wp-json\/wp\/v2\/comments?post=9955"}],"wp:featuredmedia":[{"embeddable":true,"href":"https:\/\/www.sams-industrie.fr\/en\/wp-json\/wp\/v2\/media\/11522"}],"wp:attachment":[{"href":"https:\/\/www.sams-industrie.fr\/en\/wp-json\/wp\/v2\/media?parent=9955"}],"curies":[{"name":"wp","href":"https:\/\/api.w.org\/{rel}","templated":true}]}}