{"id":9954,"date":"2025-02-05T09:49:05","date_gmt":"2025-02-05T08:49:05","guid":{"rendered":"https:\/\/www.sams-industrie.fr\/product\/pignon-cage-de-roue-libre-reference-agrafeuse\/"},"modified":"2025-09-11T15:37:51","modified_gmt":"2025-09-11T13:37:51","slug":"pignon-cage-de-roue-libre-reference-agrafeuse","status":"publish","type":"product","link":"https:\/\/www.sams-industrie.fr\/en\/product\/pignon-cage-de-roue-libre-reference-agrafeuse\/","title":{"rendered":"Freewheel cage sprocket<br> Reference A32-027-084A"},"content":{"rendered":"","protected":false},"excerpt":{"rendered":"<p>RAPIDEX A32<br \/>\nR\u00e9f\u00e9rence constructeur : A32-027-084A<br \/>\nR\u00e9f\u00e9rences \u00e9quivalentes : A32027084A \/ MA32027084A \/ RAPA32027084A<\/p>","protected":false},"featured_media":11521,"comment_status":"open","ping_status":"closed","template":"","meta":[],"_links":{"self":[{"href":"https:\/\/www.sams-industrie.fr\/en\/wp-json\/wp\/v2\/product\/9954"}],"collection":[{"href":"https:\/\/www.sams-industrie.fr\/en\/wp-json\/wp\/v2\/product"}],"about":[{"href":"https:\/\/www.sams-industrie.fr\/en\/wp-json\/wp\/v2\/types\/product"}],"replies":[{"embeddable":true,"href":"https:\/\/www.sams-industrie.fr\/en\/wp-json\/wp\/v2\/comments?post=9954"}],"wp:featuredmedia":[{"embeddable":true,"href":"https:\/\/www.sams-industrie.fr\/en\/wp-json\/wp\/v2\/media\/11521"}],"wp:attachment":[{"href":"https:\/\/www.sams-industrie.fr\/en\/wp-json\/wp\/v2\/media?parent=9954"}],"curies":[{"name":"wp","href":"https:\/\/api.w.org\/{rel}","templated":true}]}}