{"id":9952,"date":"2025-02-05T09:49:04","date_gmt":"2025-02-05T08:49:04","guid":{"rendered":"https:\/\/www.sams-industrie.fr\/product\/galet-de-roue-libre-reference-agrafeuse\/"},"modified":"2025-09-11T15:35:38","modified_gmt":"2025-09-11T13:35:38","slug":"galet-de-roue-libre-reference-agrafeuse","status":"publish","type":"product","link":"https:\/\/www.sams-industrie.fr\/en\/product\/galet-de-roue-libre-reference-agrafeuse\/","title":{"rendered":"Freewheel pulley<br> Reference A32-027-090A"},"content":{"rendered":"","protected":false},"excerpt":{"rendered":"<p>RAPIDEX A32<br \/>\nR\u00e9f\u00e9rence constructeur : A32-027-090A<br \/>\nR\u00e9f\u00e9rences \u00e9quivalentes : A32027090A \/ MA32027090A \/ RAPA32027090A<\/p>","protected":false},"featured_media":11519,"comment_status":"open","ping_status":"closed","template":"","meta":[],"_links":{"self":[{"href":"https:\/\/www.sams-industrie.fr\/en\/wp-json\/wp\/v2\/product\/9952"}],"collection":[{"href":"https:\/\/www.sams-industrie.fr\/en\/wp-json\/wp\/v2\/product"}],"about":[{"href":"https:\/\/www.sams-industrie.fr\/en\/wp-json\/wp\/v2\/types\/product"}],"replies":[{"embeddable":true,"href":"https:\/\/www.sams-industrie.fr\/en\/wp-json\/wp\/v2\/comments?post=9952"}],"wp:featuredmedia":[{"embeddable":true,"href":"https:\/\/www.sams-industrie.fr\/en\/wp-json\/wp\/v2\/media\/11519"}],"wp:attachment":[{"href":"https:\/\/www.sams-industrie.fr\/en\/wp-json\/wp\/v2\/media?parent=9952"}],"curies":[{"name":"wp","href":"https:\/\/api.w.org\/{rel}","templated":true}]}}