{"id":9951,"date":"2025-02-05T09:49:03","date_gmt":"2025-02-05T08:49:03","guid":{"rendered":"https:\/\/www.sams-industrie.fr\/product\/pignon-de-roue-libre-reference-agrafeuse\/"},"modified":"2025-09-11T15:34:45","modified_gmt":"2025-09-11T13:34:45","slug":"pignon-de-roue-libre-reference-agrafeuse","status":"publish","type":"product","link":"https:\/\/www.sams-industrie.fr\/en\/product\/pignon-de-roue-libre-reference-agrafeuse\/","title":{"rendered":"Freewheel sprocket<br> Reference A32-027-089A"},"content":{"rendered":"","protected":false},"excerpt":{"rendered":"<p>RAPIDEX A32<br \/>\nR\u00e9f\u00e9rence constructeur : A32-027-089A<br \/>\nR\u00e9f\u00e9rences \u00e9quivalentes : A32027089A \/ MA32027089A \/ RAPA32027089A<\/p>","protected":false},"featured_media":11518,"comment_status":"open","ping_status":"closed","template":"","meta":[],"_links":{"self":[{"href":"https:\/\/www.sams-industrie.fr\/en\/wp-json\/wp\/v2\/product\/9951"}],"collection":[{"href":"https:\/\/www.sams-industrie.fr\/en\/wp-json\/wp\/v2\/product"}],"about":[{"href":"https:\/\/www.sams-industrie.fr\/en\/wp-json\/wp\/v2\/types\/product"}],"replies":[{"embeddable":true,"href":"https:\/\/www.sams-industrie.fr\/en\/wp-json\/wp\/v2\/comments?post=9951"}],"wp:featuredmedia":[{"embeddable":true,"href":"https:\/\/www.sams-industrie.fr\/en\/wp-json\/wp\/v2\/media\/11518"}],"wp:attachment":[{"href":"https:\/\/www.sams-industrie.fr\/en\/wp-json\/wp\/v2\/media?parent=9951"}],"curies":[{"name":"wp","href":"https:\/\/api.w.org\/{rel}","templated":true}]}}