{"id":9950,"date":"2025-02-05T09:49:03","date_gmt":"2025-02-05T08:49:03","guid":{"rendered":"https:\/\/www.sams-industrie.fr\/product\/rondelle-de-corps-de-roue-libre-reference-agrafeuse\/"},"modified":"2025-09-11T15:33:56","modified_gmt":"2025-09-11T13:33:56","slug":"rondelle-de-corps-de-roue-libre-reference-agrafeuse","status":"publish","type":"product","link":"https:\/\/www.sams-industrie.fr\/en\/product\/rondelle-de-corps-de-roue-libre-reference-agrafeuse\/","title":{"rendered":"Freewheel body washer<br> Reference A32-027-086BA"},"content":{"rendered":"","protected":false},"excerpt":{"rendered":"<p>RAPIDEX A32<br \/>\nR\u00e9f\u00e9rence constructeur : A32-027-086BA<br \/>\nR\u00e9f\u00e9rences \u00e9quivalentes : A32027086BA \/ MA32027086BA \/ RAPA32027086BA<\/p>","protected":false},"featured_media":11517,"comment_status":"open","ping_status":"closed","template":"","meta":[],"_links":{"self":[{"href":"https:\/\/www.sams-industrie.fr\/en\/wp-json\/wp\/v2\/product\/9950"}],"collection":[{"href":"https:\/\/www.sams-industrie.fr\/en\/wp-json\/wp\/v2\/product"}],"about":[{"href":"https:\/\/www.sams-industrie.fr\/en\/wp-json\/wp\/v2\/types\/product"}],"replies":[{"embeddable":true,"href":"https:\/\/www.sams-industrie.fr\/en\/wp-json\/wp\/v2\/comments?post=9950"}],"wp:featuredmedia":[{"embeddable":true,"href":"https:\/\/www.sams-industrie.fr\/en\/wp-json\/wp\/v2\/media\/11517"}],"wp:attachment":[{"href":"https:\/\/www.sams-industrie.fr\/en\/wp-json\/wp\/v2\/media?parent=9950"}],"curies":[{"name":"wp","href":"https:\/\/api.w.org\/{rel}","templated":true}]}}