{"id":9949,"date":"2025-02-05T09:49:02","date_gmt":"2025-02-05T08:49:02","guid":{"rendered":"https:\/\/www.sams-industrie.fr\/product\/roue-libre-montee-reference-agrafeuse\/"},"modified":"2025-09-11T15:32:59","modified_gmt":"2025-09-11T13:32:59","slug":"roue-libre-montee-reference-agrafeuse","status":"publish","type":"product","link":"https:\/\/www.sams-industrie.fr\/en\/product\/roue-libre-montee-reference-agrafeuse\/","title":{"rendered":"Freewheel mounted<br> Reference SA320270G90"},"content":{"rendered":"","protected":false},"excerpt":{"rendered":"<p>RAPIDEX A32<br \/>\nR\u00e9f\u00e9rence constructeur : SA320270G90<br \/>\nR\u00e9f\u00e9rences \u00e9quivalentes : SA320270G90 \/ SA320270G90 \/ SA320270G90<\/p>","protected":false},"featured_media":11516,"comment_status":"open","ping_status":"closed","template":"","meta":[],"_links":{"self":[{"href":"https:\/\/www.sams-industrie.fr\/en\/wp-json\/wp\/v2\/product\/9949"}],"collection":[{"href":"https:\/\/www.sams-industrie.fr\/en\/wp-json\/wp\/v2\/product"}],"about":[{"href":"https:\/\/www.sams-industrie.fr\/en\/wp-json\/wp\/v2\/types\/product"}],"replies":[{"embeddable":true,"href":"https:\/\/www.sams-industrie.fr\/en\/wp-json\/wp\/v2\/comments?post=9949"}],"wp:featuredmedia":[{"embeddable":true,"href":"https:\/\/www.sams-industrie.fr\/en\/wp-json\/wp\/v2\/media\/11516"}],"wp:attachment":[{"href":"https:\/\/www.sams-industrie.fr\/en\/wp-json\/wp\/v2\/media?parent=9949"}],"curies":[{"name":"wp","href":"https:\/\/api.w.org\/{rel}","templated":true}]}}