{"id":9947,"date":"2025-02-05T09:49:01","date_gmt":"2025-02-05T08:49:01","guid":{"rendered":"https:\/\/www.sams-industrie.fr\/product\/galet-contre-roue-libre-reference-agrafeuse\/"},"modified":"2025-09-11T15:28:27","modified_gmt":"2025-09-11T13:28:27","slug":"galet-contre-roue-libre-reference-agrafeuse","status":"publish","type":"product","link":"https:\/\/www.sams-industrie.fr\/en\/product\/galet-contre-roue-libre-reference-agrafeuse\/","title":{"rendered":"Roller against freewheel<br> Reference A32-027-105A"},"content":{"rendered":"","protected":false},"excerpt":{"rendered":"<p>RAPIDEX A32<br \/>\nR\u00e9f\u00e9rence constructeur : A32-027-105A<br \/>\nR\u00e9f\u00e9rences \u00e9quivalentes : A32027105A \/ MA32027105A \/ RAPA32027105A<\/p>","protected":false},"featured_media":11514,"comment_status":"open","ping_status":"closed","template":"","meta":[],"_links":{"self":[{"href":"https:\/\/www.sams-industrie.fr\/en\/wp-json\/wp\/v2\/product\/9947"}],"collection":[{"href":"https:\/\/www.sams-industrie.fr\/en\/wp-json\/wp\/v2\/product"}],"about":[{"href":"https:\/\/www.sams-industrie.fr\/en\/wp-json\/wp\/v2\/types\/product"}],"replies":[{"embeddable":true,"href":"https:\/\/www.sams-industrie.fr\/en\/wp-json\/wp\/v2\/comments?post=9947"}],"wp:featuredmedia":[{"embeddable":true,"href":"https:\/\/www.sams-industrie.fr\/en\/wp-json\/wp\/v2\/media\/11514"}],"wp:attachment":[{"href":"https:\/\/www.sams-industrie.fr\/en\/wp-json\/wp\/v2\/media?parent=9947"}],"curies":[{"name":"wp","href":"https:\/\/api.w.org\/{rel}","templated":true}]}}