{"id":9946,"date":"2025-02-05T09:49:00","date_gmt":"2025-02-05T08:49:00","guid":{"rendered":"https:\/\/www.sams-industrie.fr\/product\/contre-roue-libre-reference-agrafeuse\/"},"modified":"2025-02-19T11:51:51","modified_gmt":"2025-02-19T10:51:51","slug":"contre-roue-libre-reference-agrafeuse","status":"publish","type":"product","link":"https:\/\/www.sams-industrie.fr\/en\/product\/contre-roue-libre-reference-agrafeuse\/","title":{"rendered":"Counter freewheel<br> Reference SA32027G105BA"},"content":{"rendered":"","protected":false},"excerpt":{"rendered":"<p>RAPIDEX A32<br \/> R\u00e9f\u00e9rence constructeur : SA32027G105BA<br \/> R\u00e9f\u00e9rences \u00e9quivalentes : SA32027G105BA \/ SA32027G105BA \/ SA32027G105BA<\/p>","protected":false},"featured_media":0,"comment_status":"open","ping_status":"closed","template":"","meta":[],"_links":{"self":[{"href":"https:\/\/www.sams-industrie.fr\/en\/wp-json\/wp\/v2\/product\/9946"}],"collection":[{"href":"https:\/\/www.sams-industrie.fr\/en\/wp-json\/wp\/v2\/product"}],"about":[{"href":"https:\/\/www.sams-industrie.fr\/en\/wp-json\/wp\/v2\/types\/product"}],"replies":[{"embeddable":true,"href":"https:\/\/www.sams-industrie.fr\/en\/wp-json\/wp\/v2\/comments?post=9946"}],"wp:attachment":[{"href":"https:\/\/www.sams-industrie.fr\/en\/wp-json\/wp\/v2\/media?parent=9946"}],"curies":[{"name":"wp","href":"https:\/\/api.w.org\/{rel}","templated":true}]}}