{"id":9945,"date":"2025-02-05T09:48:59","date_gmt":"2025-02-05T08:48:59","guid":{"rendered":"https:\/\/www.sams-industrie.fr\/product\/ressort-de-contre-roue-libre-reference-agrafeuse\/"},"modified":"2025-09-11T15:25:59","modified_gmt":"2025-09-11T13:25:59","slug":"ressort-de-contre-roue-libre-reference-agrafeuse","status":"publish","type":"product","link":"https:\/\/www.sams-industrie.fr\/en\/product\/ressort-de-contre-roue-libre-reference-agrafeuse\/","title":{"rendered":"Freewheel counter spring<br> Reference RC-040"},"content":{"rendered":"","protected":false},"excerpt":{"rendered":"<p>RAPIDEX A32<br \/>\nR\u00e9f\u00e9rence constructeur : RC-040<br \/>\nR\u00e9f\u00e9rences \u00e9quivalentes : RC040 \/ MRC040 \/ RAPRC040<\/p>","protected":false},"featured_media":11513,"comment_status":"open","ping_status":"closed","template":"","meta":[],"_links":{"self":[{"href":"https:\/\/www.sams-industrie.fr\/en\/wp-json\/wp\/v2\/product\/9945"}],"collection":[{"href":"https:\/\/www.sams-industrie.fr\/en\/wp-json\/wp\/v2\/product"}],"about":[{"href":"https:\/\/www.sams-industrie.fr\/en\/wp-json\/wp\/v2\/types\/product"}],"replies":[{"embeddable":true,"href":"https:\/\/www.sams-industrie.fr\/en\/wp-json\/wp\/v2\/comments?post=9945"}],"wp:featuredmedia":[{"embeddable":true,"href":"https:\/\/www.sams-industrie.fr\/en\/wp-json\/wp\/v2\/media\/11513"}],"wp:attachment":[{"href":"https:\/\/www.sams-industrie.fr\/en\/wp-json\/wp\/v2\/media?parent=9945"}],"curies":[{"name":"wp","href":"https:\/\/api.w.org\/{rel}","templated":true}]}}