{"id":9944,"date":"2025-02-05T09:48:59","date_gmt":"2025-02-05T08:48:59","guid":{"rendered":"https:\/\/www.sams-industrie.fr\/product\/pignon-de-contre-roue-libre-reference-agrafeuse\/"},"modified":"2025-09-11T15:13:26","modified_gmt":"2025-09-11T13:13:26","slug":"pignon-de-contre-roue-libre-reference-agrafeuse","status":"publish","type":"product","link":"https:\/\/www.sams-industrie.fr\/en\/product\/pignon-de-contre-roue-libre-reference-agrafeuse\/","title":{"rendered":"Counter freewheel sprocket<br> Reference A32-027-106A"},"content":{"rendered":"","protected":false},"excerpt":{"rendered":"<p>RAPIDEX A32<br \/>\nR\u00e9f\u00e9rence constructeur : A32-027-106A<br \/>\nR\u00e9f\u00e9rences \u00e9quivalentes : A32027106A \/ MA32027106A \/ RAPA32027106A<\/p>","protected":false},"featured_media":11512,"comment_status":"open","ping_status":"closed","template":"","meta":[],"_links":{"self":[{"href":"https:\/\/www.sams-industrie.fr\/en\/wp-json\/wp\/v2\/product\/9944"}],"collection":[{"href":"https:\/\/www.sams-industrie.fr\/en\/wp-json\/wp\/v2\/product"}],"about":[{"href":"https:\/\/www.sams-industrie.fr\/en\/wp-json\/wp\/v2\/types\/product"}],"replies":[{"embeddable":true,"href":"https:\/\/www.sams-industrie.fr\/en\/wp-json\/wp\/v2\/comments?post=9944"}],"wp:featuredmedia":[{"embeddable":true,"href":"https:\/\/www.sams-industrie.fr\/en\/wp-json\/wp\/v2\/media\/11512"}],"wp:attachment":[{"href":"https:\/\/www.sams-industrie.fr\/en\/wp-json\/wp\/v2\/media?parent=9944"}],"curies":[{"name":"wp","href":"https:\/\/api.w.org\/{rel}","templated":true}]}}