{"id":9943,"date":"2025-02-05T09:48:58","date_gmt":"2025-02-05T08:48:58","guid":{"rendered":"https:\/\/www.sams-industrie.fr\/product\/galet-de-contre-roue-libre-reference-agrafeuse\/"},"modified":"2025-09-11T15:12:10","modified_gmt":"2025-09-11T13:12:10","slug":"galet-de-contre-roue-libre-reference-agrafeuse","status":"publish","type":"product","link":"https:\/\/www.sams-industrie.fr\/en\/product\/galet-de-contre-roue-libre-reference-agrafeuse\/","title":{"rendered":"Counter-freewheel roller<br> Reference GB-027-041"},"content":{"rendered":"","protected":false},"excerpt":{"rendered":"<p>RAPIDEX A32<br \/>\nR\u00e9f\u00e9rence constructeur : GB-027-041<br \/>\nR\u00e9f\u00e9rences \u00e9quivalentes : GB027041 \/ MGB027041 \/ RAPGB027041<\/p>","protected":false},"featured_media":11511,"comment_status":"open","ping_status":"closed","template":"","meta":[],"_links":{"self":[{"href":"https:\/\/www.sams-industrie.fr\/en\/wp-json\/wp\/v2\/product\/9943"}],"collection":[{"href":"https:\/\/www.sams-industrie.fr\/en\/wp-json\/wp\/v2\/product"}],"about":[{"href":"https:\/\/www.sams-industrie.fr\/en\/wp-json\/wp\/v2\/types\/product"}],"replies":[{"embeddable":true,"href":"https:\/\/www.sams-industrie.fr\/en\/wp-json\/wp\/v2\/comments?post=9943"}],"wp:featuredmedia":[{"embeddable":true,"href":"https:\/\/www.sams-industrie.fr\/en\/wp-json\/wp\/v2\/media\/11511"}],"wp:attachment":[{"href":"https:\/\/www.sams-industrie.fr\/en\/wp-json\/wp\/v2\/media?parent=9943"}],"curies":[{"name":"wp","href":"https:\/\/api.w.org\/{rel}","templated":true}]}}