{"id":9941,"date":"2025-02-05T09:48:57","date_gmt":"2025-02-05T08:48:57","guid":{"rendered":"https:\/\/www.sams-industrie.fr\/product\/axe-de-contre-roue-libre-reference-agrafeuse\/"},"modified":"2025-09-11T15:10:27","modified_gmt":"2025-09-11T13:10:27","slug":"axe-de-contre-roue-libre-reference-agrafeuse","status":"publish","type":"product","link":"https:\/\/www.sams-industrie.fr\/en\/product\/axe-de-contre-roue-libre-reference-agrafeuse\/","title":{"rendered":"Freewheel axle<br> Reference A32-027-104BA"},"content":{"rendered":"","protected":false},"excerpt":{"rendered":"<p>RAPIDEX A32<br \/>\nR\u00e9f\u00e9rence constructeur : A32-027-104BA<br \/>\nR\u00e9f\u00e9rences \u00e9quivalentes : A32027104BA \/ MA32027104BA \/ RAPA32027104BA<\/p>","protected":false},"featured_media":11509,"comment_status":"open","ping_status":"closed","template":"","meta":[],"_links":{"self":[{"href":"https:\/\/www.sams-industrie.fr\/en\/wp-json\/wp\/v2\/product\/9941"}],"collection":[{"href":"https:\/\/www.sams-industrie.fr\/en\/wp-json\/wp\/v2\/product"}],"about":[{"href":"https:\/\/www.sams-industrie.fr\/en\/wp-json\/wp\/v2\/types\/product"}],"replies":[{"embeddable":true,"href":"https:\/\/www.sams-industrie.fr\/en\/wp-json\/wp\/v2\/comments?post=9941"}],"wp:featuredmedia":[{"embeddable":true,"href":"https:\/\/www.sams-industrie.fr\/en\/wp-json\/wp\/v2\/media\/11509"}],"wp:attachment":[{"href":"https:\/\/www.sams-industrie.fr\/en\/wp-json\/wp\/v2\/media?parent=9941"}],"curies":[{"name":"wp","href":"https:\/\/api.w.org\/{rel}","templated":true}]}}