{"id":9940,"date":"2025-02-05T09:48:56","date_gmt":"2025-02-05T08:48:56","guid":{"rendered":"https:\/\/www.sams-industrie.fr\/product\/ressort-de-roue-libre-reference-agrafeuse\/"},"modified":"2025-02-19T11:51:46","modified_gmt":"2025-02-19T10:51:46","slug":"ressort-de-roue-libre-reference-agrafeuse","status":"publish","type":"product","link":"https:\/\/www.sams-industrie.fr\/en\/product\/ressort-de-roue-libre-reference-agrafeuse\/","title":{"rendered":"Freewheel spring<br> Reference RC-039"},"content":{"rendered":"","protected":false},"excerpt":{"rendered":"<p>RAPIDEX 2PC721<br \/> R\u00e9f\u00e9rence constructeur : RC-039<br \/> R\u00e9f\u00e9rences \u00e9quivalentes : RC039 \/ MRC039 \/ RAPRC039<\/p>","protected":false},"featured_media":0,"comment_status":"open","ping_status":"closed","template":"","meta":[],"_links":{"self":[{"href":"https:\/\/www.sams-industrie.fr\/en\/wp-json\/wp\/v2\/product\/9940"}],"collection":[{"href":"https:\/\/www.sams-industrie.fr\/en\/wp-json\/wp\/v2\/product"}],"about":[{"href":"https:\/\/www.sams-industrie.fr\/en\/wp-json\/wp\/v2\/types\/product"}],"replies":[{"embeddable":true,"href":"https:\/\/www.sams-industrie.fr\/en\/wp-json\/wp\/v2\/comments?post=9940"}],"wp:attachment":[{"href":"https:\/\/www.sams-industrie.fr\/en\/wp-json\/wp\/v2\/media?parent=9940"}],"curies":[{"name":"wp","href":"https:\/\/api.w.org\/{rel}","templated":true}]}}