{"id":9938,"date":"2025-02-05T09:48:55","date_gmt":"2025-02-05T08:48:55","guid":{"rendered":"https:\/\/www.sams-industrie.fr\/product\/axe-de-roue-libre-reference-agrafeuse\/"},"modified":"2025-02-19T11:51:45","modified_gmt":"2025-02-19T10:51:45","slug":"axe-de-roue-libre-reference-agrafeuse","status":"publish","type":"product","link":"https:\/\/www.sams-industrie.fr\/en\/product\/axe-de-roue-libre-reference-agrafeuse\/","title":{"rendered":"Freewheel axle<br> Reference A32-027-091A"},"content":{"rendered":"","protected":false},"excerpt":{"rendered":"<p>RAPIDEX A32<br \/> R\u00e9f\u00e9rence constructeur : A32-027-091A<br \/> R\u00e9f\u00e9rences \u00e9quivalentes : A32027091A \/ MA32027091A \/ RAPA32027091A<\/p>","protected":false},"featured_media":0,"comment_status":"open","ping_status":"closed","template":"","meta":[],"_links":{"self":[{"href":"https:\/\/www.sams-industrie.fr\/en\/wp-json\/wp\/v2\/product\/9938"}],"collection":[{"href":"https:\/\/www.sams-industrie.fr\/en\/wp-json\/wp\/v2\/product"}],"about":[{"href":"https:\/\/www.sams-industrie.fr\/en\/wp-json\/wp\/v2\/types\/product"}],"replies":[{"embeddable":true,"href":"https:\/\/www.sams-industrie.fr\/en\/wp-json\/wp\/v2\/comments?post=9938"}],"wp:attachment":[{"href":"https:\/\/www.sams-industrie.fr\/en\/wp-json\/wp\/v2\/media?parent=9938"}],"curies":[{"name":"wp","href":"https:\/\/api.w.org\/{rel}","templated":true}]}}