{"id":9937,"date":"2025-02-05T09:48:52","date_gmt":"2025-02-05T08:48:52","guid":{"rendered":"https:\/\/www.sams-industrie.fr\/product\/pignon-reference-agrafeuse\/"},"modified":"2025-02-19T11:51:42","modified_gmt":"2025-02-19T10:51:42","slug":"pignon-reference-agrafeuse","status":"publish","type":"product","link":"https:\/\/www.sams-industrie.fr\/en\/product\/pignon-reference-agrafeuse\/","title":{"rendered":"Pinion<br> Reference A32-027-089A"},"content":{"rendered":"","protected":false},"excerpt":{"rendered":"<p>RAPIDEX A32<br \/> R\u00e9f\u00e9rence constructeur : A32-027-089A<br \/> R\u00e9f\u00e9rences \u00e9quivalentes : A32027089A \/ MA32027089A \/ RAPA32027089A<\/p>","protected":false},"featured_media":0,"comment_status":"open","ping_status":"closed","template":"","meta":[],"_links":{"self":[{"href":"https:\/\/www.sams-industrie.fr\/en\/wp-json\/wp\/v2\/product\/9937"}],"collection":[{"href":"https:\/\/www.sams-industrie.fr\/en\/wp-json\/wp\/v2\/product"}],"about":[{"href":"https:\/\/www.sams-industrie.fr\/en\/wp-json\/wp\/v2\/types\/product"}],"replies":[{"embeddable":true,"href":"https:\/\/www.sams-industrie.fr\/en\/wp-json\/wp\/v2\/comments?post=9937"}],"wp:attachment":[{"href":"https:\/\/www.sams-industrie.fr\/en\/wp-json\/wp\/v2\/media?parent=9937"}],"curies":[{"name":"wp","href":"https:\/\/api.w.org\/{rel}","templated":true}]}}