{"id":9935,"date":"2025-02-05T09:48:51","date_gmt":"2025-02-05T08:48:51","guid":{"rendered":"https:\/\/www.sams-industrie.fr\/product\/axe-porte-cisaille-reference-agrafeuse-2\/"},"modified":"2025-02-19T11:51:41","modified_gmt":"2025-02-19T10:51:41","slug":"axe-porte-cisaille-reference-agrafeuse-2","status":"publish","type":"product","link":"https:\/\/www.sams-industrie.fr\/en\/product\/axe-porte-cisaille-reference-agrafeuse-2\/","title":{"rendered":"Shear holder axis<br> Reference EC21027118"},"content":{"rendered":"","protected":false},"excerpt":{"rendered":"<p>RAPIDEX 2PC21<br \/> R\u00e9f\u00e9rence constructeur : EC21027118<br \/> R\u00e9f\u00e9rences \u00e9quivalentes : EC21027118 \/ MEC21027118 \/ RAPEC21027118<\/p>","protected":false},"featured_media":0,"comment_status":"open","ping_status":"closed","template":"","meta":[],"_links":{"self":[{"href":"https:\/\/www.sams-industrie.fr\/en\/wp-json\/wp\/v2\/product\/9935"}],"collection":[{"href":"https:\/\/www.sams-industrie.fr\/en\/wp-json\/wp\/v2\/product"}],"about":[{"href":"https:\/\/www.sams-industrie.fr\/en\/wp-json\/wp\/v2\/types\/product"}],"replies":[{"embeddable":true,"href":"https:\/\/www.sams-industrie.fr\/en\/wp-json\/wp\/v2\/comments?post=9935"}],"wp:attachment":[{"href":"https:\/\/www.sams-industrie.fr\/en\/wp-json\/wp\/v2\/media?parent=9935"}],"curies":[{"name":"wp","href":"https:\/\/api.w.org\/{rel}","templated":true}]}}