{"id":9934,"date":"2025-02-05T09:48:50","date_gmt":"2025-02-05T08:48:50","guid":{"rendered":"https:\/\/www.sams-industrie.fr\/product\/equerre-2pc21-eq-mec21027107a-reference-agrafeuse\/"},"modified":"2025-09-11T15:08:32","modified_gmt":"2025-09-11T13:08:32","slug":"equerre-2pc21-eq-mec21027107a-reference-agrafeuse","status":"publish","type":"product","link":"https:\/\/www.sams-industrie.fr\/en\/product\/equerre-2pc21-eq-mec21027107a-reference-agrafeuse\/","title":{"rendered":"2PC21 EQ Bracket \u2013 MEC21027107A<br> Reference EC21027107A"},"content":{"rendered":"","protected":false},"excerpt":{"rendered":"<p>RAPIDEX 2PC21<br \/>\nR\u00e9f\u00e9rence constructeur : EC21027107A<br \/>\nR\u00e9f\u00e9rences \u00e9quivalentes : EC21027107A \/ MEC21027107A \/ RAPEC21027107A<\/p>","protected":false},"featured_media":11507,"comment_status":"open","ping_status":"closed","template":"","meta":[],"_links":{"self":[{"href":"https:\/\/www.sams-industrie.fr\/en\/wp-json\/wp\/v2\/product\/9934"}],"collection":[{"href":"https:\/\/www.sams-industrie.fr\/en\/wp-json\/wp\/v2\/product"}],"about":[{"href":"https:\/\/www.sams-industrie.fr\/en\/wp-json\/wp\/v2\/types\/product"}],"replies":[{"embeddable":true,"href":"https:\/\/www.sams-industrie.fr\/en\/wp-json\/wp\/v2\/comments?post=9934"}],"wp:featuredmedia":[{"embeddable":true,"href":"https:\/\/www.sams-industrie.fr\/en\/wp-json\/wp\/v2\/media\/11507"}],"wp:attachment":[{"href":"https:\/\/www.sams-industrie.fr\/en\/wp-json\/wp\/v2\/media?parent=9934"}],"curies":[{"name":"wp","href":"https:\/\/api.w.org\/{rel}","templated":true}]}}