{"id":9933,"date":"2025-02-05T09:48:50","date_gmt":"2025-02-05T08:48:50","guid":{"rendered":"https:\/\/www.sams-industrie.fr\/product\/ressort-reference-agrafeuse-2\/"},"modified":"2025-09-11T15:07:27","modified_gmt":"2025-09-11T13:07:27","slug":"ressort-reference-agrafeuse-2","status":"publish","type":"product","link":"https:\/\/www.sams-industrie.fr\/en\/product\/ressort-reference-agrafeuse-2\/","title":{"rendered":"Spring<br> Reference RL-013"},"content":{"rendered":"","protected":false},"excerpt":{"rendered":"<p>RAPIDEX A32<br \/>\nR\u00e9f\u00e9rence constructeur : RL-013<br \/>\nR\u00e9f\u00e9rences \u00e9quivalentes : RL013 \/ MRL013 \/ RAPRL013<\/p>","protected":false},"featured_media":11506,"comment_status":"open","ping_status":"closed","template":"","meta":[],"_links":{"self":[{"href":"https:\/\/www.sams-industrie.fr\/en\/wp-json\/wp\/v2\/product\/9933"}],"collection":[{"href":"https:\/\/www.sams-industrie.fr\/en\/wp-json\/wp\/v2\/product"}],"about":[{"href":"https:\/\/www.sams-industrie.fr\/en\/wp-json\/wp\/v2\/types\/product"}],"replies":[{"embeddable":true,"href":"https:\/\/www.sams-industrie.fr\/en\/wp-json\/wp\/v2\/comments?post=9933"}],"wp:featuredmedia":[{"embeddable":true,"href":"https:\/\/www.sams-industrie.fr\/en\/wp-json\/wp\/v2\/media\/11506"}],"wp:attachment":[{"href":"https:\/\/www.sams-industrie.fr\/en\/wp-json\/wp\/v2\/media?parent=9933"}],"curies":[{"name":"wp","href":"https:\/\/api.w.org\/{rel}","templated":true}]}}