{"id":9931,"date":"2025-02-05T09:48:48","date_gmt":"2025-02-05T08:48:48","guid":{"rendered":"https:\/\/www.sams-industrie.fr\/product\/ressort-de-rappel-pousse-carton-reference-agrafeuse\/"},"modified":"2025-09-11T15:05:36","modified_gmt":"2025-09-11T13:05:36","slug":"ressort-de-rappel-pousse-carton-reference-agrafeuse","status":"publish","type":"product","link":"https:\/\/www.sams-industrie.fr\/en\/product\/ressort-de-rappel-pousse-carton-reference-agrafeuse\/","title":{"rendered":"Cardboard pusher return spring<br> Reference RC-013"},"content":{"rendered":"","protected":false},"excerpt":{"rendered":"<p>RAPIDEX A32<br \/>\nR\u00e9f\u00e9rence constructeur : RC-013<br \/>\nR\u00e9f\u00e9rences \u00e9quivalentes : RC013 \/ MRC013 \/ RAPRC013<\/p>","protected":false},"featured_media":11504,"comment_status":"open","ping_status":"closed","template":"","meta":[],"_links":{"self":[{"href":"https:\/\/www.sams-industrie.fr\/en\/wp-json\/wp\/v2\/product\/9931"}],"collection":[{"href":"https:\/\/www.sams-industrie.fr\/en\/wp-json\/wp\/v2\/product"}],"about":[{"href":"https:\/\/www.sams-industrie.fr\/en\/wp-json\/wp\/v2\/types\/product"}],"replies":[{"embeddable":true,"href":"https:\/\/www.sams-industrie.fr\/en\/wp-json\/wp\/v2\/comments?post=9931"}],"wp:featuredmedia":[{"embeddable":true,"href":"https:\/\/www.sams-industrie.fr\/en\/wp-json\/wp\/v2\/media\/11504"}],"wp:attachment":[{"href":"https:\/\/www.sams-industrie.fr\/en\/wp-json\/wp\/v2\/media?parent=9931"}],"curies":[{"name":"wp","href":"https:\/\/api.w.org\/{rel}","templated":true}]}}