{"id":9930,"date":"2025-02-05T09:48:48","date_gmt":"2025-02-05T08:48:48","guid":{"rendered":"https:\/\/www.sams-industrie.fr\/product\/ressort-de-piston-reference-agrafeuse\/"},"modified":"2025-09-11T15:04:18","modified_gmt":"2025-09-11T13:04:18","slug":"ressort-de-piston-reference-agrafeuse","status":"publish","type":"product","link":"https:\/\/www.sams-industrie.fr\/en\/product\/ressort-de-piston-reference-agrafeuse\/","title":{"rendered":"Piston spring<br> Reference RC-079"},"content":{"rendered":"","protected":false},"excerpt":{"rendered":"<p>RAPIDEX A32<br \/>\nR\u00e9f\u00e9rence constructeur : RC-079<br \/>\nR\u00e9f\u00e9rences \u00e9quivalentes : RC079 \/ MRC079 \/ RAPRC079<\/p>","protected":false},"featured_media":0,"comment_status":"open","ping_status":"closed","template":"","meta":[],"_links":{"self":[{"href":"https:\/\/www.sams-industrie.fr\/en\/wp-json\/wp\/v2\/product\/9930"}],"collection":[{"href":"https:\/\/www.sams-industrie.fr\/en\/wp-json\/wp\/v2\/product"}],"about":[{"href":"https:\/\/www.sams-industrie.fr\/en\/wp-json\/wp\/v2\/types\/product"}],"replies":[{"embeddable":true,"href":"https:\/\/www.sams-industrie.fr\/en\/wp-json\/wp\/v2\/comments?post=9930"}],"wp:attachment":[{"href":"https:\/\/www.sams-industrie.fr\/en\/wp-json\/wp\/v2\/media?parent=9930"}],"curies":[{"name":"wp","href":"https:\/\/api.w.org\/{rel}","templated":true}]}}