{"id":9929,"date":"2025-02-05T09:48:47","date_gmt":"2025-02-05T08:48:47","guid":{"rendered":"https:\/\/www.sams-industrie.fr\/product\/pion-de-porte-cisaille-reference-agrafeuse\/"},"modified":"2025-09-11T14:51:50","modified_gmt":"2025-09-11T12:51:50","slug":"pion-de-porte-cisaille-reference-agrafeuse","status":"publish","type":"product","link":"https:\/\/www.sams-industrie.fr\/en\/product\/pion-de-porte-cisaille-reference-agrafeuse\/","title":{"rendered":"Shear holder pawn<br> Reference EC-21027129"},"content":{"rendered":"","protected":false},"excerpt":{"rendered":"<p>RAPIDEX A32<br \/>\nR\u00e9f\u00e9rence constructeur : EC-21027129<br \/>\nR\u00e9f\u00e9rences \u00e9quivalentes : EC21027129 \/ MEC21027129 \/ RAPEC21027129<\/p>","protected":false},"featured_media":11502,"comment_status":"open","ping_status":"closed","template":"","meta":[],"_links":{"self":[{"href":"https:\/\/www.sams-industrie.fr\/en\/wp-json\/wp\/v2\/product\/9929"}],"collection":[{"href":"https:\/\/www.sams-industrie.fr\/en\/wp-json\/wp\/v2\/product"}],"about":[{"href":"https:\/\/www.sams-industrie.fr\/en\/wp-json\/wp\/v2\/types\/product"}],"replies":[{"embeddable":true,"href":"https:\/\/www.sams-industrie.fr\/en\/wp-json\/wp\/v2\/comments?post=9929"}],"wp:featuredmedia":[{"embeddable":true,"href":"https:\/\/www.sams-industrie.fr\/en\/wp-json\/wp\/v2\/media\/11502"}],"wp:attachment":[{"href":"https:\/\/www.sams-industrie.fr\/en\/wp-json\/wp\/v2\/media?parent=9929"}],"curies":[{"name":"wp","href":"https:\/\/api.w.org\/{rel}","templated":true}]}}