{"id":9924,"date":"2025-02-05T09:48:44","date_gmt":"2025-02-05T08:48:44","guid":{"rendered":"https:\/\/www.sams-industrie.fr\/product\/couvercle-amovible-reference-agrafeuse-2\/"},"modified":"2025-09-11T14:49:38","modified_gmt":"2025-09-11T12:49:38","slug":"couvercle-amovible-reference-agrafeuse-2","status":"publish","type":"product","link":"https:\/\/www.sams-industrie.fr\/en\/product\/couvercle-amovible-reference-agrafeuse-2\/","title":{"rendered":"Removable cover<br> Reference A32-117-009"},"content":{"rendered":"","protected":false},"excerpt":{"rendered":"<p>RAPIDEX A32<br \/>\nR\u00e9f\u00e9rence constructeur : A32-117-009<br \/>\nR\u00e9f\u00e9rences \u00e9quivalentes : A32117009 \/ MA32117009 \/ RAPA32117009<\/p>","protected":false},"featured_media":11499,"comment_status":"open","ping_status":"closed","template":"","meta":[],"_links":{"self":[{"href":"https:\/\/www.sams-industrie.fr\/en\/wp-json\/wp\/v2\/product\/9924"}],"collection":[{"href":"https:\/\/www.sams-industrie.fr\/en\/wp-json\/wp\/v2\/product"}],"about":[{"href":"https:\/\/www.sams-industrie.fr\/en\/wp-json\/wp\/v2\/types\/product"}],"replies":[{"embeddable":true,"href":"https:\/\/www.sams-industrie.fr\/en\/wp-json\/wp\/v2\/comments?post=9924"}],"wp:featuredmedia":[{"embeddable":true,"href":"https:\/\/www.sams-industrie.fr\/en\/wp-json\/wp\/v2\/media\/11499"}],"wp:attachment":[{"href":"https:\/\/www.sams-industrie.fr\/en\/wp-json\/wp\/v2\/media?parent=9924"}],"curies":[{"name":"wp","href":"https:\/\/api.w.org\/{rel}","templated":true}]}}