{"id":9923,"date":"2025-02-05T09:48:43","date_gmt":"2025-02-05T08:48:43","guid":{"rendered":"https:\/\/www.sams-industrie.fr\/product\/couvercle-amovible-reference-agrafeuse\/"},"modified":"2025-09-11T14:48:48","modified_gmt":"2025-09-11T12:48:48","slug":"couvercle-amovible-reference-agrafeuse","status":"publish","type":"product","link":"https:\/\/www.sams-industrie.fr\/en\/product\/couvercle-amovible-reference-agrafeuse\/","title":{"rendered":"Removable cover<br> Reference A32-117-003"},"content":{"rendered":"","protected":false},"excerpt":{"rendered":"<p>RAPIDEX A32<br \/>\nR\u00e9f\u00e9rence constructeur : A32-117-003<br \/>\nR\u00e9f\u00e9rences \u00e9quivalentes : A32117003 \/ MA32117003 \/ RAPA32117003<\/p>","protected":false},"featured_media":11498,"comment_status":"open","ping_status":"closed","template":"","meta":[],"_links":{"self":[{"href":"https:\/\/www.sams-industrie.fr\/en\/wp-json\/wp\/v2\/product\/9923"}],"collection":[{"href":"https:\/\/www.sams-industrie.fr\/en\/wp-json\/wp\/v2\/product"}],"about":[{"href":"https:\/\/www.sams-industrie.fr\/en\/wp-json\/wp\/v2\/types\/product"}],"replies":[{"embeddable":true,"href":"https:\/\/www.sams-industrie.fr\/en\/wp-json\/wp\/v2\/comments?post=9923"}],"wp:featuredmedia":[{"embeddable":true,"href":"https:\/\/www.sams-industrie.fr\/en\/wp-json\/wp\/v2\/media\/11498"}],"wp:attachment":[{"href":"https:\/\/www.sams-industrie.fr\/en\/wp-json\/wp\/v2\/media?parent=9923"}],"curies":[{"name":"wp","href":"https:\/\/api.w.org\/{rel}","templated":true}]}}