{"id":9921,"date":"2025-02-05T09:48:40","date_gmt":"2025-02-05T08:48:40","guid":{"rendered":"https:\/\/www.sams-industrie.fr\/product\/porte-cisaille-reference-agrafeuse\/"},"modified":"2025-09-11T14:47:54","modified_gmt":"2025-09-11T12:47:54","slug":"porte-cisaille-reference-agrafeuse","status":"publish","type":"product","link":"https:\/\/www.sams-industrie.fr\/en\/product\/porte-cisaille-reference-agrafeuse\/","title":{"rendered":"Shear holder<br> Reference A32BA-108-009"},"content":{"rendered":"","protected":false},"excerpt":{"rendered":"<p>RAPIDEX A32<br \/>\nR\u00e9f\u00e9rence constructeur : A32BA-108-009<br \/>\nR\u00e9f\u00e9rences \u00e9quivalentes : A32BA108009 \/ MA32BA108009 \/ RAPA32BA108009<\/p>","protected":false},"featured_media":11497,"comment_status":"open","ping_status":"closed","template":"","meta":[],"_links":{"self":[{"href":"https:\/\/www.sams-industrie.fr\/en\/wp-json\/wp\/v2\/product\/9921"}],"collection":[{"href":"https:\/\/www.sams-industrie.fr\/en\/wp-json\/wp\/v2\/product"}],"about":[{"href":"https:\/\/www.sams-industrie.fr\/en\/wp-json\/wp\/v2\/types\/product"}],"replies":[{"embeddable":true,"href":"https:\/\/www.sams-industrie.fr\/en\/wp-json\/wp\/v2\/comments?post=9921"}],"wp:featuredmedia":[{"embeddable":true,"href":"https:\/\/www.sams-industrie.fr\/en\/wp-json\/wp\/v2\/media\/11497"}],"wp:attachment":[{"href":"https:\/\/www.sams-industrie.fr\/en\/wp-json\/wp\/v2\/media?parent=9921"}],"curies":[{"name":"wp","href":"https:\/\/api.w.org\/{rel}","templated":true}]}}