{"id":9920,"date":"2025-02-05T09:48:39","date_gmt":"2025-02-05T08:48:39","guid":{"rendered":"https:\/\/www.sams-industrie.fr\/product\/cisaille-coupe-biaise-reference-agrafeuse\/"},"modified":"2025-09-11T14:47:04","modified_gmt":"2025-09-11T12:47:04","slug":"cisaille-coupe-biaise-reference-agrafeuse","status":"publish","type":"product","link":"https:\/\/www.sams-industrie.fr\/en\/product\/cisaille-coupe-biaise-reference-agrafeuse\/","title":{"rendered":"Angle cutting shears<br> Reference A32BA-112"},"content":{"rendered":"","protected":false},"excerpt":{"rendered":"<p>RAPIDEX A32<br \/>\nR\u00e9f\u00e9rence constructeur : A32BA-112<br \/>\nR\u00e9f\u00e9rences \u00e9quivalentes : A32BA112 \/ MA32BA112 \/ RAPA32BA112<\/p>","protected":false},"featured_media":11496,"comment_status":"open","ping_status":"closed","template":"","meta":[],"_links":{"self":[{"href":"https:\/\/www.sams-industrie.fr\/en\/wp-json\/wp\/v2\/product\/9920"}],"collection":[{"href":"https:\/\/www.sams-industrie.fr\/en\/wp-json\/wp\/v2\/product"}],"about":[{"href":"https:\/\/www.sams-industrie.fr\/en\/wp-json\/wp\/v2\/types\/product"}],"replies":[{"embeddable":true,"href":"https:\/\/www.sams-industrie.fr\/en\/wp-json\/wp\/v2\/comments?post=9920"}],"wp:featuredmedia":[{"embeddable":true,"href":"https:\/\/www.sams-industrie.fr\/en\/wp-json\/wp\/v2\/media\/11496"}],"wp:attachment":[{"href":"https:\/\/www.sams-industrie.fr\/en\/wp-json\/wp\/v2\/media?parent=9920"}],"curies":[{"name":"wp","href":"https:\/\/api.w.org\/{rel}","templated":true}]}}