{"id":9919,"date":"2025-02-05T09:48:39","date_gmt":"2025-02-05T08:48:39","guid":{"rendered":"https:\/\/www.sams-industrie.fr\/product\/cisaille-coupe-droite-reference-agrafeuse\/"},"modified":"2025-09-11T14:46:16","modified_gmt":"2025-09-11T12:46:16","slug":"cisaille-coupe-droite-reference-agrafeuse","status":"publish","type":"product","link":"https:\/\/www.sams-industrie.fr\/en\/product\/cisaille-coupe-droite-reference-agrafeuse\/","title":{"rendered":"Straight cutting shears<br> Reference A32 112 B"},"content":{"rendered":"","protected":false},"excerpt":{"rendered":"<p>RAPIDEX A32<br \/>\nR\u00e9f\u00e9rence constructeur : A32 112 B<br \/>\nR\u00e9f\u00e9rences \u00e9quivalentes : A32112B \/ MA32112B \/ RAPA32112B<\/p>","protected":false},"featured_media":11495,"comment_status":"open","ping_status":"closed","template":"","meta":[],"_links":{"self":[{"href":"https:\/\/www.sams-industrie.fr\/en\/wp-json\/wp\/v2\/product\/9919"}],"collection":[{"href":"https:\/\/www.sams-industrie.fr\/en\/wp-json\/wp\/v2\/product"}],"about":[{"href":"https:\/\/www.sams-industrie.fr\/en\/wp-json\/wp\/v2\/types\/product"}],"replies":[{"embeddable":true,"href":"https:\/\/www.sams-industrie.fr\/en\/wp-json\/wp\/v2\/comments?post=9919"}],"wp:featuredmedia":[{"embeddable":true,"href":"https:\/\/www.sams-industrie.fr\/en\/wp-json\/wp\/v2\/media\/11495"}],"wp:attachment":[{"href":"https:\/\/www.sams-industrie.fr\/en\/wp-json\/wp\/v2\/media?parent=9919"}],"curies":[{"name":"wp","href":"https:\/\/api.w.org\/{rel}","templated":true}]}}