{"id":9916,"date":"2025-02-05T09:48:37","date_gmt":"2025-02-05T08:48:37","guid":{"rendered":"https:\/\/www.sams-industrie.fr\/product\/levier-mobile-reference\/"},"modified":"2025-02-19T11:51:27","modified_gmt":"2025-02-19T10:51:27","slug":"levier-mobile-reference","status":"publish","type":"product","link":"https:\/\/www.sams-industrie.fr\/en\/product\/levier-mobile-reference\/","title":{"rendered":"Movable lever<br> Reference 400-600-143"},"content":{"rendered":"","protected":false},"excerpt":{"rendered":"<p>RAPIDEX RAPIDPRINT<br \/> R\u00e9f\u00e9rence constructeur : 400-600-143<br \/> R\u00e9f\u00e9rences \u00e9quivalentes : 400600143 \/ M400600143 \/ RAP400600143<\/p>","protected":false},"featured_media":0,"comment_status":"open","ping_status":"closed","template":"","meta":[],"_links":{"self":[{"href":"https:\/\/www.sams-industrie.fr\/en\/wp-json\/wp\/v2\/product\/9916"}],"collection":[{"href":"https:\/\/www.sams-industrie.fr\/en\/wp-json\/wp\/v2\/product"}],"about":[{"href":"https:\/\/www.sams-industrie.fr\/en\/wp-json\/wp\/v2\/types\/product"}],"replies":[{"embeddable":true,"href":"https:\/\/www.sams-industrie.fr\/en\/wp-json\/wp\/v2\/comments?post=9916"}],"wp:attachment":[{"href":"https:\/\/www.sams-industrie.fr\/en\/wp-json\/wp\/v2\/media?parent=9916"}],"curies":[{"name":"wp","href":"https:\/\/api.w.org\/{rel}","templated":true}]}}